{"id":949,"date":"2018-03-05T17:15:04","date_gmt":"2018-03-05T17:15:04","guid":{"rendered":"https:\/\/turismo.trabada.gal\/\/engl\/?page_id=949"},"modified":"2018-09-24T11:20:32","modified_gmt":"2018-09-24T11:20:32","slug":"legal","status":"publish","type":"page","link":"https:\/\/turismo.trabada.gal\/engl\/legal\/","title":{"rendered":"Legal advisor"},"content":{"rendered":"<h2 style=\"text-align: justify;\">Aviso Legal<\/h2>\n<p style=\"text-align: justify;\">De acordo co disposto no artigo 10 da Lei 34\/2002, de 11 de xullo, de Servizos da Sociedade da Informaci\u00f3n e do Comercio Electr\u00f3nico (LSSI), po\u00f1emos no seu co\u00f1ecemento que a p\u00e1xina web co enderezo URL www.https:\/\/turismo.trabada.gal\/\/engl (en adiante sitio web) \u00e9 operada por Turismo de Trabada (Concello de Trabada, Calle del Concello, n\u00ba 15, 27765 &#8211; Lugo -).<\/p>\n<p style=\"text-align: justify;\">O acceso e uso do sitio web polo\/a usuario\/a sup\u00f3n que acepta na s\u00faa totalidade e se obriga a cumprir os termos e condici\u00f3ns recollidos no presente aviso legal. Polo tanto, debe lerse atentamente o presente aviso legal en cada unha das ocasi\u00f3ns en que se vaia utilizar o sitio web, xa que este e as s\u00faas condici\u00f3ns de uso poden sufrir modificaci\u00f3ns.<\/p>\n<h3 style=\"text-align: justify;\">Condici\u00f3ns de uso<\/h3>\n<p style=\"text-align: justify;\">O acceso ao sitio web \u00e9 gratu\u00edto.<\/p>\n<p style=\"text-align: justify;\">O\/a usuario\/a comprom\u00e9tese a non utilizar o sitio web con fins fraudulentos, as\u00ed como a non levar a cabo ningunha conduta que poida danar a imaxe, os intereses e os dereitos de Turismo de Trabada ou de terceiras persoas. Comprom\u00e9tese, as\u00ed mesmo, a non realizar ning\u00fan acto co obxecto de prexudicar, inutilizar ou sobrecargar o sitio web, ou que impida, de calquera forma, o normal uso e funcionamento deste.<\/p>\n<p style=\"text-align: justify;\">No caso de incumprimento do contido do presente aviso legal, da pol\u00edtica de privacidade ou de calquera outro termo ou condici\u00f3n particular recollidos no sitio web, Turismo de Trabada\u00a0res\u00e9rvase o dereito a limitar, suspender ou terminar o acceso ao sitio web, adoptando calquera medida t\u00e9cnica que sexa necesaria.<\/p>\n<h3 style=\"text-align: justify;\">Propiedade intelectual e industrial<\/h3>\n<p style=\"text-align: justify;\">Os dereitos de propiedade intelectual sobre a disposici\u00f3n dos contidos do sitio web, o seu dese\u00f1o gr\u00e1fico, os programas de ordenador subxacentes, as\u00ed como os distintos elementos que integran o sitio web: textos, gr\u00e1ficos, fotograf\u00edas, v\u00eddeos, gravaci\u00f3ns sonoras etc., \u00e9 dicir, os contidos, corresponden a Turismo de Trabada.<\/p>\n<p style=\"text-align: justify;\">O uso do sitio web non sup\u00f3n a cesi\u00f3n de dereito ning\u00fan de propiedade intelectual ou industrial sobre o sitio web, os contidos ou os signos distintivos de Turismo de Trabada. Para tal efecto, mediante o presente aviso legal (e salvo naqueles supostos nos que estea legalmente permitido ou medie autorizaci\u00f3n previa de Turismo de Trabada), queda expresamente prohibida a reproduci\u00f3n, transformaci\u00f3n, distribuci\u00f3n, comunicaci\u00f3n p\u00fablica, posta a disposici\u00f3n, extracci\u00f3n ou reutilizaci\u00f3n do sitio web, os seus contidos ou os signos distintivos de\u00a0Turismo de Trabada.<\/p>\n<h3 style=\"text-align: justify;\">Sitios enlazados<\/h3>\n<p style=\"text-align: justify;\">Co fin de facilitar informaci\u00f3n adicional, p\u00f3dense inclu\u00edr diversas ligaz\u00f3ns que permitan acceder a outras p\u00e1xinas web (sitios enlazados). Nestes casos, Turismo de Trabada\u00a0act\u00faa como un prestador de servizos de intermediaci\u00f3n, segundo o disposto no artigo 17 da LSSI. De acordo co previsto na citada lexislaci\u00f3n, Turismo de Trabada\u00a0non ser\u00e1 responsable dos servizos e contidos facilitados a trav\u00e9s dos sitios enlazados, salvo que te\u00f1a co\u00f1ecemento efectivo da ilegalidade e non desactivase a ligaz\u00f3n coa debida dilixencia.<\/p>\n<p style=\"text-align: justify;\">En ning\u00fan caso a existencia dos sitios enlazados comporta recomendaci\u00f3n, promoci\u00f3n, identificaci\u00f3n ou conformidade de\u00a0Turismo de Trabada\u00a0coas manifestaci\u00f3ns, contidos ou servizos proporcionados a trav\u00e9s dos ditos sitios. En consecuencia, Turismo de Trabada\u00a0non se fai responsable do contido dos sitios enlazados, nin das s\u00faas condici\u00f3ns de uso e as pol\u00edticas de privacidade, sendo a persoa usuaria a \u00fanica responsable de comprobalos e aceptalos cada vez que acceda a eles e os use.<\/p>\n<p style=\"text-align: justify;\">No suposto de que o\/a usuario\/a considere que existen nos sitios enlazados contidos il\u00edcitos, nocivos, denigrantes, violentos ou inadecuados, poder\u00e1 po\u00f1elo en co\u00f1ecemento de\u00a0Turismo de Trabada\u00a0a trav\u00e9s do seguinte enderezo de correo electr\u00f3nico: turismo@trabada.es.<\/p>\n<h3 style=\"text-align: justify;\">Responsabilidade da\u00a0<strong>RAG<\/strong><\/h3>\n<p style=\"text-align: justify;\">Turismo de Trabada\u00a0non se responsabiliza dos danos e prexu\u00edzos causados ao\/\u00e1 usuario\/a como consecuencia de riscos inherentes ao medio empregado, nin dos ocasionados polas vulnerabilidades nos seus sistemas e ferramentas. Turismo de Trabada non garante a total seguridade dos seus sistemas e, a\u00ednda que ten adoptadas medidas de seguridade adecuadas, non descarta totalmente a existencia de vulnerabilidades e, en consecuencia, o\/a usuario\/a debe ser precavido\/a na interacci\u00f3n co sitio web.<\/p>\n<h2 style=\"text-align: justify;\">Protecci\u00f3n de datos<\/h2>\n<p style=\"text-align: justify;\">De conformidade co establecido na normativa vixente en Protecci\u00f3n de Datos de Car\u00e1cter Persoal, inf\u00f3rmase de que os seus datos ser\u00e1n incorporados ao sistema de tratamento titularidade de\u00a0Turismo de Trabada, coa finalidade de atender as s\u00faas consultas e remitirlle informaci\u00f3n relacionada que poida ser do seu interese. En cumprimento da normativa vixente, Turismo de Trabada\u00a0informa de que os datos ser\u00e1n conservados durante o prazo estritamente necesario para cumprir os preceptos mencionados con anterioridade.<\/p>\n<p style=\"text-align: justify;\">Mentres non se comunique o contrario, entenderase que os seus datos non foron modificados, que vostede se compromete a notificar calquera variaci\u00f3n e que presta o seu consentimento para utilizalos para as finalidades mencionadas.<\/p>\n<p style=\"text-align: justify;\">Turismo de Trabada\u00a0informa de que proceder\u00e1 a tratar os datos de maneira l\u00edcita, leal, transparente, adecuada, pertinente, limitada, exacta e actualizada. Turismo de Trabada\u00a0se compromete a adoptar todas as medidas razoables para que estes se supriman ou rectifiquen sen dilaci\u00f3n cando sexan inexactos.<\/p>\n<p style=\"text-align: justify;\">De acordo cos dereitos que lle confire a normativa vixente en protecci\u00f3n de datos poder\u00e1 exercer os dereitos de acceso, rectificaci\u00f3n, limitaci\u00f3n de tratamento, supresi\u00f3n, portabilidade e oposici\u00f3n ao tratamento dos seus datos de car\u00e1cter persoal as\u00ed como ao consentimento prestado para o tratamento destes, dirixindo a s\u00faa petici\u00f3n ao enderezo postal indicado m\u00e1is arriba ou ao correo electr\u00f3nico turismo@trabada.es.<\/p>\n<p style=\"text-align: justify;\">\u00c1 s\u00faa vez, inf\u00f3rmase de que pode contactar co Delegado de Protecci\u00f3n de Datos de Turismo de Trabada, dirix\u00edndose por escrito ao enderezo de correo turismo@trabada.es.<\/p>\n<p style=\"text-align: justify;\">Poder\u00e1 dirixirse \u00e1 Autoridade de Control competente para presentar a reclamaci\u00f3n que considere oportuna.<\/p>\n<p style=\"text-align: justify;\">Co env\u00edo do formulario de recollida de datos vostede acepta a pol\u00edtica de privacidade de\u00a0Turismo de Trabada.<\/p>\n<h2 style=\"text-align: justify;\">Pol\u00edtica de privacidade<\/h2>\n<p style=\"text-align: justify;\">O acceso e utilizaci\u00f3n do sitio web www.https:\/\/turismo.trabada.gal\/\/engl sup\u00f3n a aceptaci\u00f3n na s\u00faa totalidade e a obriga de cumprir por completo os termos e condici\u00f3ns recollidos na presente pol\u00edtica de privacidade. A prestaci\u00f3n do servizo do sitio web ten unha duraci\u00f3n limitada ao tempo en que o\/a usuario\/a mante\u00f1a a conexi\u00f3n co sitio web o a alg\u00fan dos servizos que a trav\u00e9s deste se facilitan. Polo tanto debe lerse atentamente a presente pol\u00edtica de privacidade en cada unha das ocasi\u00f3ns en que se dispo\u00f1a a utilizar o sitio web, xa que esta pode sufrir modificaci\u00f3ns.<\/p>\n<p style=\"text-align: justify;\">En cumprimento do disposto na Lei Org\u00e1nica 15\/1999, de 13 de decembro, de Protecci\u00f3n de Datos de Car\u00e1cter Persoal (LOPD) e a s\u00faa normativa de desenvolvemento, Turismo de Trabada\u00a0informa ao usuario\/a de que os datos obtidos a trav\u00e9s do sitio web se incorporar\u00e1n a un ficheiro automatizado de datos de car\u00e1cter persoal do que \u00e9 responsable a instituci\u00f3n.<\/p>\n<p style=\"text-align: justify;\">Turismo de Trabada\u00a0utilizar\u00e1 os datos persoais do\/a usuario\/a para os fins que se indican nos diversos formularios inclu\u00eddos nesta p\u00e1xina, de xeito que se poidan atender as relaci\u00f3ns que poidan xurdir entre a instituci\u00f3n e os\/as usuarios\/as como consecuencia das solicitudes ou xesti\u00f3ns expresadas nos ditos formularios.<\/p>\n<p style=\"text-align: justify;\">As\u00ed mesmo, ao facer clic no bot\u00f3n \u00abEnviar\u00bb incorporado nos formularios, o\/a usuario\/a declara que a informaci\u00f3n e os datos que facilitou neles son exactos e veraces.<\/p>\n<h3 style=\"text-align: justify;\">Seguridade<\/h3>\n<p style=\"text-align: justify;\">Turismo de Trabada\u00a0levou a cabo as medidas de \u00edndole t\u00e9cnica e organizativas necesarias que garanten a seguridade dos datos da persoa usuaria e eviten a s\u00faa alteraci\u00f3n, perda, tratamento ou acceso non autorizado, todo iso en cumprimento do disposto no t\u00edtulo VIII do Real Decreto 1720\/2007, de 21 de decembro, polo que se aproba o Regulamento de desenvolvemento da LOPD.<\/p>\n<h3 style=\"text-align: justify;\">Exercicio dos dereitos de acceso, rectificaci\u00f3n, cancelaci\u00f3n e oposici\u00f3n<\/h3>\n<p style=\"text-align: justify;\">Ponse no seu co\u00f1ecemento que poder\u00e1 exercitar, en calquera momento, os seus dereitos de acceso, rectificaci\u00f3n, cancelaci\u00f3n e oposici\u00f3n ao tratamento dos seus datos mediante a remisi\u00f3n dunha comunicaci\u00f3n escrita ao enderezo de Turismo de Trabada. Dita comunicaci\u00f3n deber\u00e1 ir dirixida \u00e1 atenci\u00f3n da Secretar\u00eda de\u00a0Turismo de Trabada\u00a0ou ao enderezo electr\u00f3nico turismo@trabada.es.<\/p>\n","protected":false},"excerpt":{"rendered":"<p>Aviso Legal De acordo co disposto no artigo 10 da Lei 34\/2002, de 11 de xullo, de Servizos da Sociedade da Informaci\u00f3n e do Comercio Electr\u00f3nico (LSSI), po\u00f1emos no seu co\u00f1ecemento que a p\u00e1xina web co enderezo URL www.https:\/\/turismo.trabada.gal\/\/engl (en adiante sitio web) \u00e9 operada por Turismo de Trabada (Concello de Trabada, Calle del Concello, [&hellip;]<\/p>\n","protected":false},"author":1,"featured_media":0,"parent":0,"menu_order":14,"comment_status":"closed","ping_status":"closed","template":"","meta":{"footnotes":""},"class_list":["post-949","page","type-page","status-publish","hentry"],"_links":{"self":[{"href":"https:\/\/turismo.trabada.gal\/engl\/wp-json\/wp\/v2\/pages\/949","targetHints":{"allow":["GET"]}}],"collection":[{"href":"https:\/\/turismo.trabada.gal\/engl\/wp-json\/wp\/v2\/pages"}],"about":[{"href":"https:\/\/turismo.trabada.gal\/engl\/wp-json\/wp\/v2\/types\/page"}],"author":[{"embeddable":true,"href":"https:\/\/turismo.trabada.gal\/engl\/wp-json\/wp\/v2\/users\/1"}],"replies":[{"embeddable":true,"href":"https:\/\/turismo.trabada.gal\/engl\/wp-json\/wp\/v2\/comments?post=949"}],"version-history":[{"count":8,"href":"https:\/\/turismo.trabada.gal\/engl\/wp-json\/wp\/v2\/pages\/949\/revisions"}],"predecessor-version":[{"id":1865,"href":"https:\/\/turismo.trabada.gal\/engl\/wp-json\/wp\/v2\/pages\/949\/revisions\/1865"}],"wp:attachment":[{"href":"https:\/\/turismo.trabada.gal\/engl\/wp-json\/wp\/v2\/media?parent=949"}],"curies":[{"name":"wp","href":"https:\/\/api.w.org\/{rel}","templated":true}]}}