{"id":969,"date":"2018-03-05T17:34:46","date_gmt":"2018-03-05T17:34:46","guid":{"rendered":"https:\/\/turismo.trabada.gal\/\/engl\/politica-de-cookies\/"},"modified":"2018-09-24T11:21:27","modified_gmt":"2018-09-24T11:21:27","slug":"politica-de-cookies","status":"publish","type":"page","link":"https:\/\/turismo.trabada.gal\/engl\/politica-de-cookies\/","title":{"rendered":"Cookies policy"},"content":{"rendered":"<h3 style=\"text-align: justify;\">Pol\u00edtica de Cookies<\/h3>\n<p style=\"text-align: justify;\">Ao igual que outros sitios web, a p\u00e1xina institucional de Turismo de Trabada\u00a0utiliza unha tecnolox\u00eda denominada cookies para obter informaci\u00f3n acerca do uso do sitio web.<\/p>\n<p style=\"text-align: justify;\">Turismo de Trabada\u00a0informa de que pode utilizar cookies no seu equipo que sexan necesarias para a navegaci\u00f3n polo sitio web.<\/p>\n<h4 style=\"text-align: justify;\">Tipo de cookies que usa o sitio web<\/h4>\n<p style=\"text-align: justify;\">O sitio web utiliza cookies de sesi\u00f3n. Estas cookies recollen e almacenan datos unicamente mentres o\/a usuario\/a accede ao sitio web e perm\u00edtenlle ser reco\u00f1ecido\/a no dito sitio, de xeito que calquera cambio que realice ou calquera dato que introduza recordarase dunha p\u00e1xina a outra.<\/p>\n<p style=\"text-align: justify;\">O nome de dominio do servidor que transmite e activa os procedementos autom\u00e1ticos de recollida \u00e9 academia.gal e o seu prazo de validez \u00e9 de 30 d\u00edas, transcorridos os cales son automaticamente borrados os arquivos cookie.<\/p>\n<h4 style=\"text-align: justify;\">Inhabilitar e bloquear cookies<\/h4>\n<p style=\"text-align: justify;\">En calquera caso, Turismo de Trabada\u00a0informa de que, dado que as cookies non son necesarias para o uso do sitio web, o\/a usuario\/a pode bloquealas ou inhabilitalas na configuraci\u00f3n do seu navegador, o cal lle permite rexeitar a instalaci\u00f3n de todas as cookies ou dalgunhas delas. A maior\u00eda dos navegadores permiten advertir da presenza de cookies ou rexeitalas automaticamente. Se se rexeitan, poder\u00e1 seguir us\u00e1ndose o sitio web, a\u00ednda que o uso dalg\u00fan dos seus servizos poder\u00e1 ser limitado.<\/p>\n<h4 style=\"text-align: justify;\">Cambios na pol\u00edtica de cookies<\/h4>\n<p style=\"text-align: justify;\">\u00c9 posible que Turismo de Trabada\u00a0actualice a presente pol\u00edtica de cookies do sitio web, polo que se recomenda revisar esta pol\u00edtica cada vez que se acceda ao sitio web, co obxectivo de informarse sobre como e para que se usan as cookies.<\/p>\n<h4 style=\"text-align: justify;\">Contacto<\/h4>\n<p style=\"text-align: justify;\">En caso de d\u00fabida, comentario ou suxesti\u00f3n sobre a pol\u00edtica de cookies, por favor escriba a:\u00a0turismo@trabada.es<\/p>\n","protected":false},"excerpt":{"rendered":"<p>Pol\u00edtica de Cookies Ao igual que outros sitios web, a p\u00e1xina institucional de Turismo de Trabada\u00a0utiliza unha tecnolox\u00eda denominada cookies para obter informaci\u00f3n acerca do uso do sitio web. Turismo de Trabada\u00a0informa de que pode utilizar cookies no seu equipo que sexan necesarias para a navegaci\u00f3n polo sitio web. Tipo de cookies que usa o [&hellip;]<\/p>\n","protected":false},"author":1,"featured_media":0,"parent":0,"menu_order":15,"comment_status":"closed","ping_status":"closed","template":"","meta":{"footnotes":""},"class_list":["post-969","page","type-page","status-publish","hentry"],"_links":{"self":[{"href":"https:\/\/turismo.trabada.gal\/engl\/wp-json\/wp\/v2\/pages\/969","targetHints":{"allow":["GET"]}}],"collection":[{"href":"https:\/\/turismo.trabada.gal\/engl\/wp-json\/wp\/v2\/pages"}],"about":[{"href":"https:\/\/turismo.trabada.gal\/engl\/wp-json\/wp\/v2\/types\/page"}],"author":[{"embeddable":true,"href":"https:\/\/turismo.trabada.gal\/engl\/wp-json\/wp\/v2\/users\/1"}],"replies":[{"embeddable":true,"href":"https:\/\/turismo.trabada.gal\/engl\/wp-json\/wp\/v2\/comments?post=969"}],"version-history":[{"count":5,"href":"https:\/\/turismo.trabada.gal\/engl\/wp-json\/wp\/v2\/pages\/969\/revisions"}],"predecessor-version":[{"id":1867,"href":"https:\/\/turismo.trabada.gal\/engl\/wp-json\/wp\/v2\/pages\/969\/revisions\/1867"}],"wp:attachment":[{"href":"https:\/\/turismo.trabada.gal\/engl\/wp-json\/wp\/v2\/media?parent=969"}],"curies":[{"name":"wp","href":"https:\/\/api.w.org\/{rel}","templated":true}]}}