{"id":2915,"date":"2023-04-21T08:06:26","date_gmt":"2023-04-21T08:06:26","guid":{"rendered":"https:\/\/turismo.trabada.gal\/?page_id=2915"},"modified":"2024-09-12T18:48:23","modified_gmt":"2024-09-12T18:48:23","slug":"albergue","status":"publish","type":"page","link":"https:\/\/turismo.trabada.gal\/esp\/albergue\/","title":{"rendered":"Albergue"},"content":{"rendered":"<div id=\"\" class=\"fw-main-row \"  style=\"\">\r\n\t<div class=\"container-fluid\">\r\n\t\t\r\n<div class=\"fw-row\">\r\n\t<div class=\"fw-col-xs-12 fw-col-sm-6 grid-column\"  style=\"\">\r\n\t<\/div>\r\n<div class=\"fw-col-xs-12 fw-col-sm-6 grid-column\"  style=\"\">\r\n\t<h3>Normas de gesti\u00f3n<\/h3>\n\t<div class=\"fw-divider-space\" style=\"padding-top: 10px;\"><\/div>\n<\/div>\r\n<\/div>\r\n\r\n\r\n<div class=\"fw-row\">\r\n\t<div class=\"fw-col-xs-12 fw-col-sm-6 grid-column\"  style=\"\">\r\n\t<img decoding=\"async\" src=\"\/\/https:\/\/turismo.trabada.gal\/\/wp-content\/uploads\/2021\/10\/albergue-trabada-1.jpg\" alt=\"\/\/https:\/\/turismo.trabada.gal\/\/wp-content\/uploads\/2021\/10\/albergue-trabada-1.jpg\" \/><p style=\"text-align: center;\"><img loading=\"lazy\" decoding=\"async\" class=\"size-full wp-image-2877 aligncenter\" src=\"http:\/\/https:\/\/turismo.trabada.gal\/\/wp-content\/uploads\/2022\/10\/tlf-trabada-1.png\" alt=\"\" width=\"75\" height=\"75\" \/><strong>982 14 39 56<\/strong><\/p><\/div>\r\n<div class=\"fw-col-xs-12 fw-col-sm-6 grid-column\"  style=\"\">\r\n\t<img decoding=\"async\" src=\"\/\/https:\/\/turismo.trabada.gal\/\/wp-content\/uploads\/2021\/10\/albergue-trabada-2.jpg\" alt=\"\/\/https:\/\/turismo.trabada.gal\/\/wp-content\/uploads\/2021\/10\/albergue-trabada-2.jpg\" \/>\n\t<div class=\"fw-divider-space\" style=\"padding-top: 10px;\"><\/div>\n<a href=\"http:\/\/turismo.trabada.gal\/esp\/camino-de-santiago\/\" target=\"_self\" class=\"button\"  style=\"\">Informaci\u00f3n sobre o Cami\u00f1o Norte<\/a><\/div>\r\n<\/div>\r\n\r\n\t<\/div>\r\n<\/div>\r\n\n","protected":false},"excerpt":{"rendered":"<p>Normas de gesti\u00f3n 982 14 39 56 Informaci\u00f3n sobre o Cami\u00f1o Norte<\/p>\n","protected":false},"author":1,"featured_media":0,"parent":0,"menu_order":0,"comment_status":"closed","ping_status":"closed","template":"","meta":{"footnotes":""},"class_list":["post-2915","page","type-page","status-publish","hentry"],"_links":{"self":[{"href":"https:\/\/turismo.trabada.gal\/esp\/wp-json\/wp\/v2\/pages\/2915","targetHints":{"allow":["GET"]}}],"collection":[{"href":"https:\/\/turismo.trabada.gal\/esp\/wp-json\/wp\/v2\/pages"}],"about":[{"href":"https:\/\/turismo.trabada.gal\/esp\/wp-json\/wp\/v2\/types\/page"}],"author":[{"embeddable":true,"href":"https:\/\/turismo.trabada.gal\/esp\/wp-json\/wp\/v2\/users\/1"}],"replies":[{"embeddable":true,"href":"https:\/\/turismo.trabada.gal\/esp\/wp-json\/wp\/v2\/comments?post=2915"}],"version-history":[{"count":4,"href":"https:\/\/turismo.trabada.gal\/esp\/wp-json\/wp\/v2\/pages\/2915\/revisions"}],"predecessor-version":[{"id":2930,"href":"https:\/\/turismo.trabada.gal\/esp\/wp-json\/wp\/v2\/pages\/2915\/revisions\/2930"}],"wp:attachment":[{"href":"https:\/\/turismo.trabada.gal\/esp\/wp-json\/wp\/v2\/media?parent=2915"}],"curies":[{"name":"wp","href":"https:\/\/api.w.org\/{rel}","templated":true}]}}