{"id":621,"date":"2018-03-02T16:11:06","date_gmt":"2018-03-02T16:11:06","guid":{"rendered":"https:\/\/turismo.trabada.gal\/\/engl\/?page_id=621"},"modified":"2018-09-21T10:47:46","modified_gmt":"2018-09-21T10:47:46","slug":"camino-de-santiago","status":"publish","type":"page","link":"https:\/\/turismo.trabada.gal\/esp\/camino-de-santiago\/","title":{"rendered":"Camino de Santiago"},"content":{"rendered":"<div id=\"\" class=\"fw-main-row \"  style=\"\">\r\n\t<div class=\"container-fluid\">\r\n\t\t\r\n<div class=\"fw-row\">\r\n\t<div class=\"fw-col-xs-12 grid-column\"  style=\"\">\r\n\t<h5><strong>Tramo hist\u00f3rico del Camino Norte:<\/strong><\/h5><h6><strong>El Camino antiguo y original.<\/strong><\/h6><\/div>\r\n<\/div>\r\n\r\n\r\n<div class=\"fw-row\">\r\n\t<div class=\"fw-col-xs-12 grid-column\"  style=\"\">\r\n\t<div class=\"responsive-video-wrapper\">\r\n\t<iframe loading=\"lazy\" title=\"Cami\u00f1o Norte - Trabada\" width=\"320\" height=\"180\" src=\"https:\/\/www.youtube.com\/embed\/ZZhD5bJHzaQ?start=3&feature=oembed\" frameborder=\"0\" allow=\"accelerometer; autoplay; clipboard-write; encrypted-media; gyroscope; picture-in-picture; web-share\" referrerpolicy=\"strict-origin-when-cross-origin\" allowfullscreen><\/iframe><\/div>\r\n<\/div>\r\n<\/div>\r\n\r\n\r\n<div class=\"fw-row\">\r\n\t<div class=\"fw-col-xs-12 grid-column\"  style=\"\">\r\n\t<p>&nbsp;<\/p><p style=\"text-align: justify;\">El denominado Camino Norte, antiguo Camino Norte, recorre las tierras de Trabada, siendo uno de los m\u00e1s antiguos y la opci\u00f3n elegida por aquellos peregrinos que no pod\u00edan pagar el paso de la r\u00eda en barca de Asturias a Galicia (Ribadeo). La etapa Vegadeo-Trabada-Mondo\u00f1edo, es la opci\u00f3n m\u00e1s recomendable para aquellas personas que busquen tranquilidad.<\/p><p style=\"text-align: justify;\">El Antiguo Camino del Norte es, sin duda, uno de los m\u00e1s hermosos, en un entorno natural de caminos forestales y montes donde la naturaleza es el mayor aliado y compa\u00f1ero de viaje del peregrino.<\/p><p style=\"text-align: justify;\">Viajar, conocer, descubrir, compartir\u2026 pero sobre todo sentir! Y es que en esta etapa del camino experimentar\u00e1s sensaciones inolvidables, sin duda exaltadas por su amable gente y los paisajes id\u00edlicos que lo conforman.<\/p><h5 style=\"text-align: justify;\">Etapa 1:Desde Tol (Castropol) a Vegadeo \/ A Veiga<\/h5><p style=\"text-align: justify;\">El Camino que se dirige desde Tol (Castropol) hacia Lantoira y A Veiga\/Vegadeo es considerado el camino oficial y se trata de la ruta m\u00e1s antigua de peregrinos y viajeros para pasar de Asturias a Galicia. Su raz\u00f3n principal es porque antiguamente era la \u00fanica opci\u00f3n de hacer el Camino a pie, ya que para llegar a Ribadeo era necesario cruzar la r\u00eda en barca.<\/p><h5 style=\"text-align: justify;\">Etapa 2:De Vegadeo \/ A Veiga a Trabada<\/h5><p style=\"text-align: justify;\">Los peregrinos que entran a Galicia a trav\u00e9s del Camino Norte, lo hacen por Trabada. El lugar de paso entre Asturias y Galicia se encuentra en la parroquia de Abres, donde hay un puente llamado el puente del Fornacho que cruza el r\u00edo Eo. Desde la R\u00eda de Abres, los peregrinos caminar\u00e1n hacia Sante y, desde all\u00ed, hacia Trabada. En este trayecto pasar\u00e1n por senderos de tierra y podr\u00e1n disfrutar de un espectacular paisaje de ribera.<\/p><h5 style=\"text-align: justify;\">Etapa 3:De Trabada a Mondo\u00f1edo<\/h5><p style=\"text-align: justify;\">Los peregrinos que salen de Trabada siguen por Mu\u00edn Queimado el camino que va hacia el oeste por el valle do Rego de Trabada.<\/p><p style=\"text-align: justify;\">En la Trapa se desviar\u00e1n para subir la monta\u00f1a hasta llegar al Alto da Cadeira, y desde all\u00ed bajar hasta la Fortaleza de Tovar, en el Val de Lourenz\u00e1, para continuar hasta Mondo\u00f1edo, antigua capital del Reino de Galicia.<\/p><\/div>\r\n<\/div>\r\n\r\n\t<\/div>\r\n<\/div>\r\n\n","protected":false},"excerpt":{"rendered":"<p>Tramo hist\u00f3rico del Camino Norte:El Camino antiguo y original. &nbsp;El denominado Camino Norte, antiguo Camino Norte, recorre las tierras de Trabada, siendo uno de los m\u00e1s antiguos y la opci\u00f3n elegida por aquellos peregrinos que no pod\u00edan pagar el paso de la r\u00eda en barca de Asturias a Galicia (Ribadeo). La etapa Vegadeo-Trabada-Mondo\u00f1edo, es la [&hellip;]<\/p>\n","protected":false},"author":1,"featured_media":0,"parent":0,"menu_order":2,"comment_status":"closed","ping_status":"closed","template":"","meta":{"footnotes":""},"class_list":["post-621","page","type-page","status-publish","hentry"],"_links":{"self":[{"href":"https:\/\/turismo.trabada.gal\/esp\/wp-json\/wp\/v2\/pages\/621","targetHints":{"allow":["GET"]}}],"collection":[{"href":"https:\/\/turismo.trabada.gal\/esp\/wp-json\/wp\/v2\/pages"}],"about":[{"href":"https:\/\/turismo.trabada.gal\/esp\/wp-json\/wp\/v2\/types\/page"}],"author":[{"embeddable":true,"href":"https:\/\/turismo.trabada.gal\/esp\/wp-json\/wp\/v2\/users\/1"}],"replies":[{"embeddable":true,"href":"https:\/\/turismo.trabada.gal\/esp\/wp-json\/wp\/v2\/comments?post=621"}],"version-history":[{"count":24,"href":"https:\/\/turismo.trabada.gal\/esp\/wp-json\/wp\/v2\/pages\/621\/revisions"}],"predecessor-version":[{"id":1673,"href":"https:\/\/turismo.trabada.gal\/esp\/wp-json\/wp\/v2\/pages\/621\/revisions\/1673"}],"wp:attachment":[{"href":"https:\/\/turismo.trabada.gal\/esp\/wp-json\/wp\/v2\/media?parent=621"}],"curies":[{"name":"wp","href":"https:\/\/api.w.org\/{rel}","templated":true}]}}