{"id":653,"date":"2018-03-02T16:31:40","date_gmt":"2018-03-02T16:31:40","guid":{"rendered":"https:\/\/turismo.trabada.gal\/\/engl\/?page_id=653"},"modified":"2018-04-18T14:52:06","modified_gmt":"2018-04-18T14:52:06","slug":"cultura-de-rio","status":"publish","type":"page","link":"https:\/\/turismo.trabada.gal\/esp\/cultura-de-rio\/","title":{"rendered":"Cultura de r\u00edo"},"content":{"rendered":"<div id=\"\" class=\"fw-main-row \"  style=\"\">\r\n\t<div class=\"container-fluid\">\r\n\t\t\r\n<div class=\"fw-row\">\r\n\t<div class=\"fw-col-xs-12 grid-column\"  style=\"\">\r\n\t<img decoding=\"async\" src=\"\/\/https:\/\/turismo.trabada.gal\/\/engl\/wp-content\/uploads\/2018\/03\/rio-eo-trabada.jpg\" alt=\"\/\/https:\/\/turismo.trabada.gal\/\/engl\/wp-content\/uploads\/2018\/03\/rio-eo-trabada.jpg\" \/><\/div>\r\n<\/div>\r\n\r\n\r\n<div class=\"fw-row\">\r\n\t<div class=\"fw-col-xs-12 grid-column\"  style=\"\">\r\n\t<p style=\"text-align: justify;\"><p style=\"text-align: justify;\">El R\u00edo Eo, que ejerce de frontera natural entre tierras gallegas y asturianas, fue considerado como uno de los mejores r\u00edos salmoneros del mundo, donde se pueden encontrar sobre todo truchas y salmones, adem\u00e1s de reo, lampre o angula.<\/p><p style=\"text-align: justify;\">La orograf\u00eda de Trabada ofrece una variedad de micro-climas muy diferenciados, presentando diversos ecocistemas dentro de un mismo territorio.<\/p><\/div>\r\n<\/div>\r\n\r\n\t<\/div>\r\n<\/div>\r\n\n","protected":false},"excerpt":{"rendered":"<p>El R\u00edo Eo, que ejerce de frontera natural entre tierras gallegas y asturianas, fue considerado como uno de los mejores r\u00edos salmoneros del mundo, donde se pueden encontrar sobre todo truchas y salmones, adem\u00e1s de reo, lampre o angula.La orograf\u00eda de Trabada ofrece una variedad de micro-climas muy diferenciados, presentando diversos ecocistemas dentro de un [&hellip;]<\/p>\n","protected":false},"author":1,"featured_media":0,"parent":0,"menu_order":5,"comment_status":"closed","ping_status":"closed","template":"","meta":{"footnotes":""},"class_list":["post-653","page","type-page","status-publish","hentry"],"_links":{"self":[{"href":"https:\/\/turismo.trabada.gal\/esp\/wp-json\/wp\/v2\/pages\/653","targetHints":{"allow":["GET"]}}],"collection":[{"href":"https:\/\/turismo.trabada.gal\/esp\/wp-json\/wp\/v2\/pages"}],"about":[{"href":"https:\/\/turismo.trabada.gal\/esp\/wp-json\/wp\/v2\/types\/page"}],"author":[{"embeddable":true,"href":"https:\/\/turismo.trabada.gal\/esp\/wp-json\/wp\/v2\/users\/1"}],"replies":[{"embeddable":true,"href":"https:\/\/turismo.trabada.gal\/esp\/wp-json\/wp\/v2\/comments?post=653"}],"version-history":[{"count":8,"href":"https:\/\/turismo.trabada.gal\/esp\/wp-json\/wp\/v2\/pages\/653\/revisions"}],"predecessor-version":[{"id":1579,"href":"https:\/\/turismo.trabada.gal\/esp\/wp-json\/wp\/v2\/pages\/653\/revisions\/1579"}],"wp:attachment":[{"href":"https:\/\/turismo.trabada.gal\/esp\/wp-json\/wp\/v2\/media?parent=653"}],"curies":[{"name":"wp","href":"https:\/\/api.w.org\/{rel}","templated":true}]}}