{"id":949,"date":"2018-03-05T17:15:04","date_gmt":"2018-03-05T17:15:04","guid":{"rendered":"https:\/\/turismo.trabada.gal\/\/engl\/?page_id=949"},"modified":"2018-05-14T10:46:10","modified_gmt":"2018-05-14T10:46:10","slug":"aviso-legal","status":"publish","type":"page","link":"https:\/\/turismo.trabada.gal\/esp\/aviso-legal\/","title":{"rendered":"Aviso Legal"},"content":{"rendered":"<p style=\"text-align: justify;\">De acuerdo con el dispuesto en el art\u00edculo 10 de la Ley 34\/2002, de 11 de julio, de Servicios de la Sociedad de la Informaci\u00f3n y del Comercio Electr\u00f3nico ( LSSI), ponemos en su conocimiento que la p\u00e1gina web con la direcci\u00f3n URL www.https:\/\/turismo.trabada.gal\/\/esp (en adelante sitio web) es operada por Turismo de Trabada (Ayuntamiento de Trabada, Calle del Ayuntamiento,<span class=\"Apple-converted-space\">\u00a0 <\/span>n\u00ba 15, 27765 &#8211; Lugo -).<\/p>\n<p style=\"text-align: justify;\">El acceso y uso del sitio web por el\/la usuario\/a supone que acepta en su totalidad y se obliga a cumplir los t\u00e9rminos y condiciones recogidos en el presente aviso legal. Por lo tanto, debe leerse atentamente el presente aviso legal en cada una de las ocasiones en que se vaya a utilizar el sitio web, ya que este y sus condiciones de uso pueden sufrir modificaciones.<\/p>\n<p style=\"text-align: justify;\">Condiciones de uso<\/p>\n<p style=\"text-align: justify;\">El acceso al sitio web es gratuito.<\/p>\n<p style=\"text-align: justify;\">El \u00a0usuario\/a se compromete a no utilizar el sitio web con fines fraudulentos, as\u00ed como a no llevar a cabo ninguna conducta que pueda da\u00f1ar la imagen, los intereses y los derechos de Turismo de Trabada o de terceras personas. Se compromete, asimismo, a no realizar ning\u00fan acto con el objeto de perjudicar,<span class=\"Apple-converted-space\">\u00a0 <\/span>inutilizar o<span class=\"Apple-converted-space\">\u00a0 <\/span>sobrecargar el sitio web, o que impida, de cualquiera forma, el normal uso y funcionamiento de este.<\/p>\n<p style=\"text-align: justify;\">En el caso de incumplimiento del contenido del presente aviso legal, de la pol\u00edtica de privacidad o de cualquier otro t\u00e9rmino o condici\u00f3n #particular recogidos en el sitio web, Turismo de Trabada\u00a0se reserva el derecho a limitar, suspender o terminar el acceso al sitio web, adoptando cualquier medida t\u00e9cnica que sea necesaria.<\/p>\n<p style=\"text-align: justify;\">Propiedad intelectual e industrial<\/p>\n<p style=\"text-align: justify;\">Los derechos de propiedad intelectual sobre la disposici\u00f3n de los contenidos del sitio web, su dise\u00f1o gr\u00e1fico, los programas de ordenador subyacentes, as\u00ed como los distintos elementos que integran el sitio web: textos, gr\u00e1ficos, fotograf\u00edas, v\u00eddeos, grabaciones sonoras etc., es decir, los contenidos, corresponden a Turismo de Trabada.<\/p>\n<p style=\"text-align: justify;\">El uso del sitio web no supone la cesi\u00f3n de derecho ninguno de propiedad intelectual o industrial sobre el sitio web, los contenidos o los signos distintivos de Turismo de Trabada. Para tal efecto, mediante el presente aviso legal (y salvo en aquellos supuestos en los que est\u00e9 legalmente permitido o medie autorizaci\u00f3n previa de Turismo de Trabada), queda expresamente prohibida la reproducci\u00f3n, transformaci\u00f3n, distribuci\u00f3n, comunicaci\u00f3n p\u00fablica, puesta la disposici\u00f3n, extracci\u00f3n o reutilizaci\u00f3n del sitio web, sus contenidos o los signos distintivos de\u00a0Turismo de Trabada.<\/p>\n<p style=\"text-align: justify;\">Sitios enlazados<\/p>\n<p style=\"text-align: justify;\">Con el fin de facilitar informaci\u00f3n adicional, se pueden incluir diversos enlaces que permitan acceder a otras p\u00e1ginas web (sitios enlazados). En estos casos, Turismo de Trabada\u00a0act\u00faa como un prestador de servicios de intermediaci\u00f3n, segundo el dispuesto en el art\u00edculo 17 de la<span class=\"Apple-converted-space\">\u00a0 <\/span>LSSI. De acuerdo con el previsto en la citada legislaci\u00f3n, Turismo de Trabada\u00a0no ser\u00e1 responsable de los servicios y contenidos facilitados a trav\u00e9s de los sitios enlazados, salvo que tenga conocimiento efectivo de la ilegalidad y no desactivara el enlace con la debida diligencia.<\/p>\n<p style=\"text-align: justify;\">En ning\u00fan caso la existencia de los sitios enlazados comporta recomendaci\u00f3n, promoci\u00f3n, identificaci\u00f3n o conformidad de\u00a0Turismo de Trabada\u00a0con las manifestaciones, contenidos o servicios proporcionados a trav\u00e9s de los dichos sitios. En consecuencia, Turismo de Trabada\u00a0no se hace responsable del contenido de los sitios enlazados, ni de sus condiciones de uso y las pol\u00edticas de privacidad, siendo la persona usuaria la \u00fanica responsable de comprobarlos y aceptarlos cada vez que acceda a ellos y los use.<\/p>\n<p style=\"text-align: justify;\">En el supuesto de que el\/la usuario\/a considere que existen en los sitios enlazados contenidos il\u00edcitos, nocivos, denigrantes, violentos o inadecuados, podr\u00e1 ponerlo en conocimiento de\u00a0Turismo de Trabada\u00a0a trav\u00e9s de la siguiente direcci\u00f3n de correo electr\u00f3nico: turismo@trabada.es.<\/p>\n<p style=\"text-align: justify;\">Responsabilidad de la\u00a0RAG<\/p>\n<p style=\"text-align: justify;\">Turismo de Trabada\u00a0no se responsabiliza de los da\u00f1os y perjuicios causados al el\/la usuario\/a como consecuencia de riesgos inherentes al medio empleado, ni de los ocasionados por las vulnerabilidades en sus sistemas y herramientas. Turismo de Trabada no garantiza la total seguridad de sus sistemas y, aunque tiene adoptadas medidas de seguridad adecuadas, no descarta totalmente la existencia de vulnerabilidades y, en consecuencia, el\/la usuario\/a debe ser precavido\/a en la interacci\u00f3n con el sitio web.<\/p>\n<p style=\"text-align: justify;\">Protecci\u00f3n de datos<\/p>\n<p style=\"text-align: justify;\">De conformidad con el establecido en la normativa vigente en Protecci\u00f3n de Datos de Car\u00e1cter Personal, se informa de que sus datos ser\u00e1n incorporados al sistema de tratamiento titularidad de\u00a0Turismo de Trabada, con la finalidad de atender sus consultas y remitirle informaci\u00f3n relacionada que pueda ser de su inter\u00e9s. En cumplimiento de la normativa vigente, Turismo de Trabada\u00a0informa de que los datos ser\u00e1n conservados durante el plazo estrictamente necesario para cumplir los preceptos mencionados con anterioridad.<\/p>\n<p style=\"text-align: justify;\">Mientras no se comunique el contrario, se entender\u00e1 que sus datos no fueron modificados, que usted se compromete a notificar cualquier variaci\u00f3n y que presta su consentimiento para utilizarlos para las finalidades mencionadas.<\/p>\n<p style=\"text-align: justify;\">Turismo de Trabada\u00a0informa de que proceder\u00e1 a tratar los datos de manera l\u00edcita, leal, transparente, adecuada, pertinente, limitada, exacta y actualizada. Turismo de Trabada\u00a0se compromete a adoptar todas las medidas razonables para que estos se supriman o rectifiquen sin dilaci\u00f3n cuando sean inexactos.<\/p>\n<p style=\"text-align: justify;\">De acuerdo con los derechos que le confiere la normativa vigente en protecci\u00f3n de datos podr\u00e1 ejercer los derechos de acceso, rectificaci\u00f3n, limitaci\u00f3n de tratamiento, supresi\u00f3n,<span class=\"Apple-converted-space\">\u00a0 <\/span>portabilidad y oposici\u00f3n al tratamiento de sus datos de car\u00e1cter personal as\u00ed como al consentimiento prestado para el tratamiento de estos, dirigiendo su petici\u00f3n a la direcci\u00f3n postal indicada m\u00e1s arriba o al correo electr\u00f3nico turismo@trabada.es.<\/p>\n<p style=\"text-align: justify;\">A su vez, se informa de que puede contactar con el Delegado de Protecci\u00f3n de Datos de Turismo de Trabada, dirigi\u00e9ndose por escrito a la direcci\u00f3n de correo turismo@trabada.es.<\/p>\n<p style=\"text-align: justify;\">Podr\u00e1 dirigirse a la Autoridad de Control competente para presentar la reclamaci\u00f3n que considere oportuna.<\/p>\n<p style=\"text-align: justify;\">Con el env\u00edo del formulario de recogida de datos usted acepta la pol\u00edtica de privacidad de\u00a0Turismo de Trabada.<\/p>\n<p style=\"text-align: justify;\">Pol\u00edtica de privacidad<\/p>\n<p style=\"text-align: justify;\">El acceso y utilizaci\u00f3n del sitio web www.https:\/\/turismo.trabada.gal\/\/engl supone la aceptaci\u00f3n en su totalidad y el deber de cumplir por completo los t\u00e9rminos y condiciones recogidos en la presente pol\u00edtica de privacidad. La prestaci\u00f3n del servicio del sitio web tiene una duraci\u00f3n limitada al tiempo en que el\/la usuario\/a mantenga la conexi\u00f3n con el sitio web o a alguno de los servicios que a trav\u00e9s de este se facilitan. Por lo tanto debe leerse atentamente la presente pol\u00edtica de privacidad en cada una de las ocasiones en que se disponga a utilizar el sitio web, ya que esta puede sufrir modificaciones.<\/p>\n<p style=\"text-align: justify;\">En cumplimiento del dispuesto en la Ley Org\u00e1nica 15\/1999, de 13 de diciembre, de Protecci\u00f3n de Datos de Car\u00e1cter Personal (LOPD) y su normativa de desarrollo, Turismo de Trabada\u00a0informa al usuario\/a de que los datos obtenidos a trav\u00e9s del sitio web se incorporar\u00e1n a un fichero automatizado de datos de car\u00e1cter personal del que es responsable la instituci\u00f3n.<\/p>\n<p style=\"text-align: justify;\">Turismo de Trabada\u00a0utilizar\u00e1 los datos personales del\/a usuario\/a para los fines que se indican en los diversos formularios incluidos en esta p\u00e1gina, de manera que se puedan atender las relaciones que puedan surgir entre la instituci\u00f3n y los\/las usuarios\/las como consecuencia de las solicitudes o gestiones expresadas en los dichos formularios.<\/p>\n<p style=\"text-align: justify;\">Asimismo, al hacer<span class=\"Apple-converted-space\">\u00a0 <\/span>clic en el bot\u00f3n \u00abEnviar\u00bb incorporado en los formularios, el\/la usuario\/a declara que la informaci\u00f3n y los datos que facilit\u00f3 en ellos son exactos y veraces.<\/p>\n<p style=\"text-align: justify;\">Seguridad<\/p>\n<p style=\"text-align: justify;\">Turismo de Trabada\u00a0llev\u00f3 a cabo las medidas de \u00edndole t\u00e9cnica y organizativas necesarias que garantizan la seguridad de los datos de la persona usuaria y eviten su alteraci\u00f3n, p\u00e9rdida, tratamiento o acceso no autorizado, todo eso en cumplimiento del dispuesto en el t\u00edtulo VIII del Real Decreto 1720\/2007, de 21 de diciembre, por lo que se aprueba el Reglamento de desarrollo de la LOPD.<\/p>\n<p style=\"text-align: justify;\">Ejercicio de los derechos de acceso, rectificaci\u00f3n, cancelaci\u00f3n y oposici\u00f3n<\/p>\n<p style=\"text-align: justify;\">Se ponen en su conocimiento que podr\u00e1 ejercitar, en cualquier momento, sus derechos de acceso, rectificaci\u00f3n, cancelaci\u00f3n y oposici\u00f3n al tratamiento de sus datos mediante la remisi\u00f3n de una comunicaci\u00f3n escrita a la direcci\u00f3n de Turismo de Trabada. Dicha comunicaci\u00f3n deber\u00e1 ir dirigida a la atenci\u00f3n de la Secretar\u00eda de\u00a0Turismo de Trabada\u00a0o a la direcci\u00f3n electr\u00f3nica turismo@trabada.es.<\/p>\n","protected":false},"excerpt":{"rendered":"<p>De acuerdo con el dispuesto en el art\u00edculo 10 de la Ley 34\/2002, de 11 de julio, de Servicios de la Sociedad de la Informaci\u00f3n y del Comercio Electr\u00f3nico ( LSSI), ponemos en su conocimiento que la p\u00e1gina web con la direcci\u00f3n URL www.https:\/\/turismo.trabada.gal\/\/esp (en adelante sitio web) es operada por Turismo de Trabada (Ayuntamiento [&hellip;]<\/p>\n","protected":false},"author":1,"featured_media":0,"parent":0,"menu_order":14,"comment_status":"closed","ping_status":"closed","template":"","meta":{"footnotes":""},"class_list":["post-949","page","type-page","status-publish","hentry"],"_links":{"self":[{"href":"https:\/\/turismo.trabada.gal\/esp\/wp-json\/wp\/v2\/pages\/949","targetHints":{"allow":["GET"]}}],"collection":[{"href":"https:\/\/turismo.trabada.gal\/esp\/wp-json\/wp\/v2\/pages"}],"about":[{"href":"https:\/\/turismo.trabada.gal\/esp\/wp-json\/wp\/v2\/types\/page"}],"author":[{"embeddable":true,"href":"https:\/\/turismo.trabada.gal\/esp\/wp-json\/wp\/v2\/users\/1"}],"replies":[{"embeddable":true,"href":"https:\/\/turismo.trabada.gal\/esp\/wp-json\/wp\/v2\/comments?post=949"}],"version-history":[{"count":10,"href":"https:\/\/turismo.trabada.gal\/esp\/wp-json\/wp\/v2\/pages\/949\/revisions"}],"predecessor-version":[{"id":1641,"href":"https:\/\/turismo.trabada.gal\/esp\/wp-json\/wp\/v2\/pages\/949\/revisions\/1641"}],"wp:attachment":[{"href":"https:\/\/turismo.trabada.gal\/esp\/wp-json\/wp\/v2\/media?parent=949"}],"curies":[{"name":"wp","href":"https:\/\/api.w.org\/{rel}","templated":true}]}}