{"id":993,"date":"2018-03-05T18:25:52","date_gmt":"2018-03-05T18:25:52","guid":{"rendered":"https:\/\/turismo.trabada.gal\/\/engl\/?page_id=993"},"modified":"2020-06-08T08:20:30","modified_gmt":"2020-06-08T08:20:30","slug":"actividades","status":"publish","type":"page","link":"https:\/\/turismo.trabada.gal\/esp\/actividades\/","title":{"rendered":"Actividades"},"content":{"rendered":"<div id=\"\" class=\"fw-main-row \"  style=\"\">\r\n\t<div class=\"container-fluid\">\r\n\t\t\r\n<div class=\"fw-row\">\r\n\t<div class=\"fw-col-xs-12 grid-column\"  style=\"\">\r\n\t<img decoding=\"async\" src=\"\/\/https:\/\/turismo.trabada.gal\/\/engl\/wp-content\/uploads\/2018\/03\/foto-cayak-trabada-turismo.jpg\" alt=\"\/\/https:\/\/turismo.trabada.gal\/\/engl\/wp-content\/uploads\/2018\/03\/foto-cayak-trabada-turismo.jpg\" \/><\/div>\r\n<\/div>\r\n\r\n\r\n<div class=\"fw-row\">\r\n\t<div class=\"fw-col-xs-12 grid-column\"  style=\"\">\r\n\t<p style=\"text-align: justify;\">D\u00e9jate llevar por una aut\u00e9ntica experiencia de inmersi\u00f3n en la naturaleza disfrutando de las diferentes opciones que Trabada nos ofrece.<\/p><p style=\"text-align: justify;\">Trabada alberga m\u00faltiples posibilidades para aquellos m\u00e1s aventureros y activos amantes de la naturaleza, como descensos en canoa por el r\u00edo Eo, rutas BTT, avistamiento de Aves en la Zona de Especial Conservaci\u00f3n (ZEC), pesca en el r\u00edo Eo y rutas de senderismo en sus maravillosos bosques aut\u00f3ctonos.<\/p><p style=\"text-align: justify;\"><\/div>\r\n<\/div>\r\n\r\n\r\n<div class=\"fw-row\">\r\n\t<div class=\"fw-col-xs-12 grid-column\"  style=\"\">\r\n\t<img decoding=\"async\" src=\"\/\/https:\/\/turismo.trabada.gal\/\/engl\/wp-content\/uploads\/2018\/03\/btt-trabada.jpg\" alt=\"\/\/https:\/\/turismo.trabada.gal\/\/engl\/wp-content\/uploads\/2018\/03\/btt-trabada.jpg\" \/><\/div>\r\n<\/div>\r\n\r\n\r\n<div class=\"fw-row\">\r\n\t<div class=\"fw-col-xs-12 grid-column\"  style=\"\">\r\n\t<p>Sin masificaci\u00f3n de gente ni manipulaci\u00f3n de la contorna, convierte estas actividades en m\u00e1s atractivas si cabe.<\/p><\/div>\r\n<\/div>\r\n\r\n\r\n<div class=\"fw-row\">\r\n\t<div class=\"fw-col-xs-12 grid-column\"  style=\"\">\r\n\t<img decoding=\"async\" src=\"\/\/https:\/\/turismo.trabada.gal\/\/esp\/wp-content\/uploads\/sites\/7\/2020\/06\/descenso-canoa-trabada-canoas-eo.jpg\" alt=\"\/\/https:\/\/turismo.trabada.gal\/\/esp\/wp-content\/uploads\/sites\/7\/2020\/06\/descenso-canoa-trabada-canoas-eo.jpg\" \/><\/div>\r\n<\/div>\r\n\r\n\r\n<div class=\"fw-row\">\r\n\t<div class=\"fw-col-xs-12 grid-column\"  style=\"\">\r\n\t<p align=\"justify\">Canoas do Eo es una empresa de turismo activo situada en Trabada, dedicada al descenso del r\u00edo Eo.<br \/>Si te gusta la aventura, este es el plan perfecto. Puedes escoger entre zonas tranquilas y tramos de r\u00e1pidos, ser\u00e1 una experiencia divertida en medio de la naturaleza, y as\u00ed disfrutar y contemplar su flora y fauna con amigos o en familia.<br \/>Disponemos de alquiler de canoas de una, dos o tres plazas, de f\u00e1cil manejo, equipadas de pala, chaleco salvavidas y bid\u00f3n estanco.<br \/>En nuestro punto de informaci\u00f3n en el r\u00eda de Abres, puedes conseguir informaci\u00f3n sobre rutas tur\u00edsticas en Trabada y alrededores.<\/p><\/div>\r\n<\/div>\r\n\r\n\t<\/div>\r\n<\/div>\r\n\n","protected":false},"excerpt":{"rendered":"<p>D\u00e9jate llevar por una aut\u00e9ntica experiencia de inmersi\u00f3n en la naturaleza disfrutando de las diferentes opciones que Trabada nos ofrece.Trabada alberga m\u00faltiples posibilidades para aquellos m\u00e1s aventureros y activos amantes de la naturaleza, como descensos en canoa por el r\u00edo Eo, rutas BTT, avistamiento de Aves en la Zona de Especial Conservaci\u00f3n (ZEC), pesca en [&hellip;]<\/p>\n","protected":false},"author":1,"featured_media":0,"parent":0,"menu_order":13,"comment_status":"closed","ping_status":"closed","template":"","meta":{"footnotes":""},"class_list":["post-993","page","type-page","status-publish","hentry"],"_links":{"self":[{"href":"https:\/\/turismo.trabada.gal\/esp\/wp-json\/wp\/v2\/pages\/993","targetHints":{"allow":["GET"]}}],"collection":[{"href":"https:\/\/turismo.trabada.gal\/esp\/wp-json\/wp\/v2\/pages"}],"about":[{"href":"https:\/\/turismo.trabada.gal\/esp\/wp-json\/wp\/v2\/types\/page"}],"author":[{"embeddable":true,"href":"https:\/\/turismo.trabada.gal\/esp\/wp-json\/wp\/v2\/users\/1"}],"replies":[{"embeddable":true,"href":"https:\/\/turismo.trabada.gal\/esp\/wp-json\/wp\/v2\/comments?post=993"}],"version-history":[{"count":9,"href":"https:\/\/turismo.trabada.gal\/esp\/wp-json\/wp\/v2\/pages\/993\/revisions"}],"predecessor-version":[{"id":1793,"href":"https:\/\/turismo.trabada.gal\/esp\/wp-json\/wp\/v2\/pages\/993\/revisions\/1793"}],"wp:attachment":[{"href":"https:\/\/turismo.trabada.gal\/esp\/wp-json\/wp\/v2\/media?parent=993"}],"curies":[{"name":"wp","href":"https:\/\/api.w.org\/{rel}","templated":true}]}}